{"id":20,"date":"2023-05-26T02:09:49","date_gmt":"2023-05-26T02:09:49","guid":{"rendered":"https:\/\/sultanapkg.com\/?page_id=20"},"modified":"2025-08-27T01:38:22","modified_gmt":"2025-08-27T01:38:22","slug":"contacto","status":"publish","type":"page","link":"https:\/\/sultanapkg.com\/english\/contacto\/","title":{"rendered":"Contact"},"content":{"rendered":"<div id=\"fws_69e17ca1080a6\"  data-column-margin=\"default\" data-midnight=\"light\" data-top-percent=\"5%\" data-bottom-percent=\"5%\"  data-bg-mobile-hidden=\"true\" class=\"wpb_row vc_row-fluid vc_row full-width-section contact-bg-logo bottom_margin_15pct top_padding_tablet_10pct bottom_padding_tablet_10pct\"  style=\"padding-top: calc(100vw * 0.05); padding-bottom: calc(100vw * 0.05); \"><div class=\"row-bg-wrap\" data-bg-animation=\"none\" data-bg-animation-delay=\"\" data-bg-overlay=\"false\"><div class=\"inner-wrap row-bg-layer using-image\" ><div class=\"row-bg viewport-desktop using-image using-bg-color\"  style=\"background-image: url(https:\/\/sultanapkg.com\/wp-content\/uploads\/2023\/08\/contact-hero-bg_3.svg); background-position: right bottom; background-repeat: no-repeat; background-color: #ea0029; \"><\/div><\/div><\/div><div class=\"row_col_wrap_12 col span_12 light left\">\n\t<div  class=\"vc_col-sm-12 vc_col-lg-offset-1 vc_col-lg-6 vc_col-xs-offset-1 vc_col-xs-10 wpb_column column_container vc_column_container col no-extra-padding inherit_tablet inherit_phone\"  data-padding-pos=\"all\" data-has-bg-color=\"false\" data-bg-color=\"\" data-bg-opacity=\"1\" data-animation=\"\" data-delay=\"0\" >\n\t\t<div class=\"vc_column-inner\" >\n\t\t\t<div class=\"wpb_wrapper\">\n\t\t\t\t\n<div class=\"wpb_text_column wpb_content_element\" >\n\t<div class=\"wpb_wrapper\">\n\t\t<h4>Empaques a la medida de tu negocio<\/h4>\n\t<\/div>\n<\/div>\n\n\n\n\n\t\t\t<\/div> \n\t\t<\/div>\n\t<\/div> \n<\/div><\/div>\n\t\t<div id=\"fws_69e17ca1087b9\"  data-column-margin=\"default\" data-midnight=\"dark\"  class=\"wpb_row vc_row-fluid vc_row\"  style=\"padding-top: 0px; padding-bottom: 0px; \"><div class=\"row-bg-wrap\" data-bg-animation=\"none\" data-bg-animation-delay=\"\" data-bg-overlay=\"false\"><div class=\"inner-wrap row-bg-layer\" ><div class=\"row-bg viewport-desktop\"  style=\"\"><\/div><\/div><\/div><div class=\"row_col_wrap_12 col span_12 dark left\">\n\t<div  class=\"vc_col-sm-12 vc_col-md-7 vc_col-xs-12 sultana-contact-form wpb_column column_container vc_column_container col no-extra-padding inherit_tablet inherit_phone\"  data-padding-pos=\"all\" data-has-bg-color=\"false\" data-bg-color=\"\" data-bg-opacity=\"1\" data-animation=\"\" data-delay=\"0\" >\n\t\t<div class=\"vc_column-inner\" >\n\t\t\t<div class=\"wpb_wrapper\">\n\t\t\t\t\n<div class=\"wpb_text_column wpb_content_element  vc_custom_1694805203810\" >\n\t<div class=\"wpb_wrapper\">\n\t\t<h2 style=\"text-align: center;\"><span style=\"color: #ffffff;\">Request a quote<\/span><\/h2>\n\t<\/div>\n<\/div>\n\n\n\n\n<div class=\"wpb_text_column wpb_content_element\" >\n\t<div class=\"wpb_wrapper\">\n\t\t\n<div class=\"wpcf7 no-js\" id=\"wpcf7-f799-o1\" lang=\"en-US\" dir=\"ltr\" data-wpcf7-id=\"799\">\n<div class=\"screen-reader-response\"><p role=\"status\" aria-live=\"polite\" aria-atomic=\"true\"><\/p> <ul><\/ul><\/div>\n<form action=\"\/english\/wp-json\/wp\/v2\/pages\/20#wpcf7-f799-o1\" method=\"post\" class=\"wpcf7-form init\" aria-label=\"Contact form\" novalidate=\"novalidate\" data-status=\"init\" data-trp-original-action=\"\/english\/wp-json\/wp\/v2\/pages\/20#wpcf7-f799-o1\">\n<fieldset class=\"hidden-fields-container\"><input type=\"hidden\" name=\"_wpcf7\" value=\"799\" \/><input type=\"hidden\" name=\"_wpcf7_version\" value=\"6.1.4\" \/><input type=\"hidden\" name=\"_wpcf7_locale\" value=\"en_US\" \/><input type=\"hidden\" name=\"_wpcf7_unit_tag\" value=\"wpcf7-f799-o1\" \/><input type=\"hidden\" name=\"_wpcf7_container_post\" value=\"0\" \/><input type=\"hidden\" name=\"_wpcf7_posted_data_hash\" value=\"\" \/>\n<\/fieldset>\n<div class=\"contact-row\">\n\t<p><span class=\"wpcf7-form-control-wrap\" data-name=\"nombre\"><input size=\"40\" maxlength=\"400\" class=\"wpcf7-form-control wpcf7-text wpcf7-validates-as-required\" autocomplete=\"on\" aria-required=\"true\" aria-invalid=\"false\" placeholder=\"Name\" value=\"\" type=\"text\" name=\"nombre\" \/><\/span>\n\t<\/p>\n\t<p><span class=\"wpcf7-form-control-wrap\" data-name=\"correo-electronico\"><input size=\"40\" maxlength=\"400\" class=\"wpcf7-form-control wpcf7-email wpcf7-validates-as-required wpcf7-text wpcf7-validates-as-email\" autocomplete=\"on\" aria-required=\"true\" aria-invalid=\"false\" placeholder=\"Email\" value=\"\" type=\"email\" name=\"correo-electronico\" \/><\/span>\n\t<\/p>\n<\/div>\n<div class=\"contact-row\">\n\t<p><span class=\"wpcf7-form-control-wrap\" data-name=\"empresa\"><input size=\"40\" maxlength=\"400\" class=\"wpcf7-form-control wpcf7-text\" aria-invalid=\"false\" placeholder=\"Company\" value=\"\" type=\"text\" name=\"empresa\" \/><\/span>\n\t<\/p>\n\t<p><span class=\"wpcf7-form-control-wrap\" data-name=\"telefono\"><input size=\"40\" maxlength=\"400\" class=\"wpcf7-form-control wpcf7-tel wpcf7-text wpcf7-validates-as-tel\" autocomplete=\"on\" aria-invalid=\"false\" placeholder=\"Phone Number\" value=\"\" type=\"tel\" name=\"telefono\" \/><\/span>\n\t<\/p>\n<\/div>\n<p><span class=\"wpcf7-form-control-wrap\" data-name=\"mensaje\"><textarea cols=\"40\" rows=\"10\" maxlength=\"2000\" class=\"wpcf7-form-control wpcf7-textarea\" aria-invalid=\"false\" placeholder=\"Message\" name=\"mensaje\"><\/textarea><\/span>\n<\/p>\n<p><input class=\"wpcf7-form-control wpcf7-submit has-spinner\" type=\"submit\" value=\"Send\" \/>\n<\/p><div class=\"wpcf7-response-output\" aria-hidden=\"true\"><\/div>\n<input type=\"hidden\" name=\"trp-form-language\" value=\"english\"\/><\/form>\n<\/div>\n\n\t<\/div>\n<\/div>\n\n\n\n<div id=\"fws_69e17ca1098e2\" data-midnight=\"\" data-column-margin=\"default\" class=\"wpb_row vc_row-fluid vc_row inner_row\"  style=\"\"><div class=\"row-bg-wrap\"> <div class=\"row-bg\" ><\/div> <\/div><div class=\"row_col_wrap_12_inner col span_12  left\">\n\t<div  class=\"vc_col-sm-12 vc_col-lg-offset-0 vc_col-lg-5 vc_col-md-offset-0 vc_col-md-5 vc_col-xs-5 wpb_column column_container vc_column_container col child_column no-extra-padding inherit_tablet inherit_phone\"   data-padding-pos=\"all\" data-has-bg-color=\"false\" data-bg-color=\"\" data-bg-opacity=\"1\" data-animation=\"\" data-delay=\"0\" >\n\t\t<div class=\"vc_column-inner\" >\n\t\t<div class=\"wpb_wrapper\">\n\t\t\t<div class=\"img-with-aniamtion-wrap\" data-max-width=\"100%\" data-max-width-mobile=\"default\" data-shadow=\"none\" data-animation=\"none\" >\n      <div class=\"inner\">\n        <div class=\"hover-wrap\"> \n          <div class=\"hover-wrap-inner\">\n            <img loading=\"lazy\" decoding=\"async\" class=\"img-with-animation skip-lazy\" data-delay=\"0\" height=\"250\" width=\"650\" data-animation=\"none\" src=\"https:\/\/sultanapkg.com\/wp-content\/uploads\/2023\/05\/Asset-9.png\" alt=\"\" srcset=\"https:\/\/sultanapkg.com\/wp-content\/uploads\/2023\/05\/Asset-9.png 650w, https:\/\/sultanapkg.com\/wp-content\/uploads\/2023\/05\/Asset-9-300x115.png 300w\" sizes=\"auto, (max-width: 650px) 100vw, 650px\" \/>\n          <\/div>\n        <\/div>\n      <\/div>\n    <\/div>\n\t\t<\/div> \n\t<\/div>\n\t<\/div> \n<\/div><\/div>\n\t\t\t<\/div> \n\t\t<\/div>\n\t<\/div> \n\n\t<div  class=\"vc_col-sm-12 vc_col-md-offset-1 vc_col-md-4 vc_col-xs-offset-1 vc_col-xs-10 lg-left wpb_column column_container vc_column_container col no-extra-padding inherit_tablet inherit_phone\"  data-padding-pos=\"all\" data-has-bg-color=\"false\" data-bg-color=\"\" data-bg-opacity=\"1\" data-animation=\"\" data-delay=\"0\" >\n\t\t<div class=\"vc_column-inner\" >\n\t\t\t<div class=\"wpb_wrapper\">\n\t\t\t\t\n<div class=\"wpb_text_column wpb_content_element  contact-links\" >\n\t<div class=\"wpb_wrapper\">\n\t\t<h3 style=\"text-align: center;\">Sales<\/h3>\n<p style=\"text-align: center;\">T. (664) 622 8862<br \/>\nE. <a href=\"mailto:ventas@sultanapkg.com\" target=\"_blank\" rel=\"noopener\">ventas@sultanapkg.com<\/a><\/p>\n\t<\/div>\n<\/div>\n\n\n\n\n<div class=\"wpb_text_column wpb_content_element  contact-links\" >\n\t<div class=\"wpb_wrapper\">\n\t\t\t<\/div>\n<\/div>\n\n\n\n\n<div class=\"wpb_text_column wpb_content_element  contact-links\" >\n\t<div class=\"wpb_wrapper\">\n\t\t<h3 style=\"text-align: center;\">Visit us<\/h3>\n<p style=\"text-align: center;\"><a href=\"https:\/\/maps.app.goo.gl\/zH8ZCCiNCcazp3zR6\" target=\"_blank\" rel=\"noopener\">Av. Palmera #12341, Parque Industrial El Encanto, Tijuana, B.C., M\u00e9xico<\/a><\/p>\n\t<\/div>\n<\/div>\n\n\n\n\n<div class=\"wpb_text_column wpb_content_element  contact-links\" >\n\t<div class=\"wpb_wrapper\">\n\t\t<h5 style=\"text-align: center;\"><a href=\"https:\/\/www.facebook.com\/people\/Sultana-Packaging\/100062951665200\/\" target=\"_blank\" rel=\"noopener\">Facebook<\/a><\/h5>\n<h5 style=\"text-align: center;\"><\/h5>\n<h5 style=\"text-align: center;\"><a href=\"https:\/\/www.linkedin.com\/company\/sultana-packaging\/\">Linkedin<\/a><\/h5>\n<h5 style=\"text-align: center;\"><a href=\"https:\/\/www.instagram.com\/sultanapkgtijuana\/\">Instagram<\/a><\/h5>\n\t<\/div>\n<\/div>\n\n\n\n\n\t\t\t<\/div> \n\t\t<\/div>\n\t<\/div> \n<\/div><\/div>","protected":false},"excerpt":{"rendered":"Empaques a la medida de tu negocio Solicita una cotizaci\u00f3n Ventas T. (664) 622 8862 E. ventas@sultanapkg.com Vis\u00edtanos Av. Palmera #12341, Parque Industrial El Encanto, Tijuana, B.C., M\u00e9xico Facebook Linkedin...","protected":false},"author":1,"featured_media":0,"parent":0,"menu_order":0,"comment_status":"closed","ping_status":"closed","template":"","meta":{"om_disable_all_campaigns":false,"footnotes":""},"class_list":["post-20","page","type-page","status-publish"],"aioseo_notices":[],"_links":{"self":[{"href":"https:\/\/sultanapkg.com\/english\/wp-json\/wp\/v2\/pages\/20","targetHints":{"allow":["GET"]}}],"collection":[{"href":"https:\/\/sultanapkg.com\/english\/wp-json\/wp\/v2\/pages"}],"about":[{"href":"https:\/\/sultanapkg.com\/english\/wp-json\/wp\/v2\/types\/page"}],"author":[{"embeddable":true,"href":"https:\/\/sultanapkg.com\/english\/wp-json\/wp\/v2\/users\/1"}],"replies":[{"embeddable":true,"href":"https:\/\/sultanapkg.com\/english\/wp-json\/wp\/v2\/comments?post=20"}],"version-history":[{"count":43,"href":"https:\/\/sultanapkg.com\/english\/wp-json\/wp\/v2\/pages\/20\/revisions"}],"predecessor-version":[{"id":1459,"href":"https:\/\/sultanapkg.com\/english\/wp-json\/wp\/v2\/pages\/20\/revisions\/1459"}],"wp:attachment":[{"href":"https:\/\/sultanapkg.com\/english\/wp-json\/wp\/v2\/media?parent=20"}],"curies":[{"name":"wp","href":"https:\/\/api.w.org\/{rel}","templated":true}]}}